{"id":9,"date":"2026-05-11T14:08:38","date_gmt":"2026-05-11T14:08:38","guid":{"rendered":"https:\/\/xn--sundsvalls-drnartjnst-n2b22b.se\/?page_id=9"},"modified":"2026-05-11T19:57:02","modified_gmt":"2026-05-11T19:57:02","slug":"9-2","status":"publish","type":"page","link":"https:\/\/xn--sundsvalls-drnartjnst-n2b22b.se\/","title":{"rendered":"V\u00e4lkommen till Dr\u00f6narservice-Sundsvall"},"content":{"rendered":"<section class=\"l-section wpb_row height_huge with_video\"><div id=\"us_bg_video_c332\" class=\"l-section-video\"><script id=\"us_bg_video_c332-script\">!function(w){var node = document.getElementById( 'us_bg_video_c332' );if ( w.innerWidth <= 240 ) { node.remove() }}(window);<\/script><style>@media(max-width:240px){#us_bg_video_c332{display:none!important}}<\/style><video  autoplay loop muted playsinline preload=\"auto\" tabindex=\"-1\"><source type=\"video\/mp4\" src=\"\/wp-content\/uploads\/2026\/05\/2945562-hd_1920_1080_30fps.mp4\" \/><\/video><\/div><div class=\"l-section-h i-cf\"><div class=\"g-cols vc_row via_grid cols_1 laptops-cols_inherit tablets-cols_inherit mobiles-cols_1 valign_top type_default stacking_default\"><div class=\"wpb_column vc_column_container\"><div class=\"vc_column-inner\"><div class=\"wpb_text_column\"><div class=\"wpb_wrapper\"><p><img decoding=\"async\" class=\"size-medium wp-image-68 aligncenter\" src=\"\/wp-content\/uploads\/2026\/05\/SundsvallsDronartjanst_Logga_nobackground_white.png\" alt=\"\" width=\"600\" height=\"auto\" srcset=\"https:\/\/xn--sundsvalls-drnartjnst-n2b22b.se\/wp-content\/uploads\/2026\/05\/SundsvallsDronartjanst_Logga_nobackground_white.png 754w, https:\/\/xn--sundsvalls-drnartjnst-n2b22b.se\/wp-content\/uploads\/2026\/05\/SundsvallsDronartjanst_Logga_nobackground_white-300x132.png 300w\" sizes=\"(max-width: 754px) 100vw, 754px\" \/><\/p>\n<\/div><\/div><\/div><\/div><\/div><\/div><\/section><section class=\"l-section wpb_row height_medium color_alternate\" id=\"tjanster\"><div class=\"l-section-h i-cf\"><div class=\"g-cols vc_row via_grid cols_1-2-1 laptops-cols_inherit tablets-cols_inherit mobiles-cols_1 valign_top type_default stacking_default\"><div class=\"wpb_column vc_column_container\"><div class=\"vc_column-inner\"><\/div><\/div><div class=\"wpb_column vc_column_container\"><div class=\"vc_column-inner\"><div class=\"wpb_text_column\"><div class=\"wpb_wrapper\"><h1 class=\"p1\" style=\"text-align: center;\">Tj\u00e4nster<\/h1>\n<p class=\"p1\">Vi \u00e4r dotter bolag till ett fastighetsbolag s\u00e5 naturligt faller vi in p\u00e5 just fastigheter och inspektion. Med \u00f6ver 15 \u00e5rs erfarenheter av renovering, f\u00f6rvaltning och uthyrning har vi \u00f6ga f\u00f6r detaljerna och svagheter i fastigheter. Vare sig ni \u00f6nskar dokumentation, inspektion inf\u00f6r f\u00f6rv\u00e4rv eller inspektion f\u00f6r kommande f\u00f6rb\u00e4ttringar kan vi hj\u00e4lpa er. Vi utf\u00f6r inspektioner och dokumentation p\u00e5 alla slags fastigheter och industrier.<\/p>\n<p class=\"p1\">Kontakta oss via formul\u00e4ret s\u00e5 ber\u00e4ttar vi g\u00e4rna mer om hur vi kan hj\u00e4lpa just er!<\/p>\n<\/div><\/div><\/div><\/div><div class=\"wpb_column vc_column_container\"><div class=\"vc_column-inner\"><\/div><\/div><\/div><\/div><\/section><section class=\"l-section wpb_row height_medium color_alternate\"><div class=\"l-section-h i-cf\"><div class=\"g-cols vc_row via_grid cols_2 laptops-cols_inherit tablets-cols_inherit mobiles-cols_1 valign_top type_default stacking_default\"><div class=\"wpb_column vc_column_container\"><div class=\"vc_column-inner\"><div class=\"wpb_text_column\"><div class=\"wpb_wrapper\"><h2 class=\"p1\">Inspektion kartografi<\/h2>\n<p class=\"p2\">Detaljerade kartor f\u00f6r inspektion eller PR material.<\/p>\n<p class=\"p2\">H\u00f6gdetaljerade foto i 3D, 2D och IR kamera.<\/p>\n<p class=\"p2\"><a href=\"#\/kontakt\">Kontakta oss f\u00f6r mer info och demo<\/a><\/p>\n<\/div><\/div><\/div><\/div><div class=\"wpb_column vc_column_container\"><div class=\"vc_column-inner\"><div class=\"w-image align_none\"><div class=\"w-image-h\"><img decoding=\"async\" width=\"575\" height=\"400\" src=\"https:\/\/xn--sundsvalls-drnartjnst-n2b22b.se\/wp-content\/uploads\/2026\/05\/Drone-Powerline-Examination-600x400-1.jpg\" class=\"attachment-large size-large\" alt=\"\" loading=\"lazy\" srcset=\"https:\/\/xn--sundsvalls-drnartjnst-n2b22b.se\/wp-content\/uploads\/2026\/05\/Drone-Powerline-Examination-600x400-1.jpg 575w, https:\/\/xn--sundsvalls-drnartjnst-n2b22b.se\/wp-content\/uploads\/2026\/05\/Drone-Powerline-Examination-600x400-1-300x209.jpg 300w\" sizes=\"auto, (max-width: 575px) 100vw, 575px\" \/><\/div><\/div><\/div><\/div><\/div><\/div><\/section><section class=\"l-section wpb_row height_medium color_alternate\"><div class=\"l-section-h i-cf\"><div class=\"g-cols vc_row via_grid cols_2 laptops-cols_inherit tablets-cols_inherit mobiles-cols_1 valign_top type_default stacking_default\"><div class=\"wpb_column vc_column_container\"><div class=\"vc_column-inner\"><div class=\"w-image align_none\"><div class=\"w-image-h\"><img decoding=\"async\" width=\"601\" height=\"418\" src=\"https:\/\/xn--sundsvalls-drnartjnst-n2b22b.se\/wp-content\/uploads\/2026\/05\/Fastighets.jpg\" class=\"attachment-large size-large\" alt=\"\" loading=\"lazy\" srcset=\"https:\/\/xn--sundsvalls-drnartjnst-n2b22b.se\/wp-content\/uploads\/2026\/05\/Fastighets.jpg 601w, https:\/\/xn--sundsvalls-drnartjnst-n2b22b.se\/wp-content\/uploads\/2026\/05\/Fastighets-300x209.jpg 300w\" sizes=\"auto, (max-width: 601px) 100vw, 601px\" \/><\/div><\/div><\/div><\/div><div class=\"wpb_column vc_column_container\"><div class=\"vc_column-inner\"><div class=\"wpb_text_column\"><div class=\"wpb_wrapper\"><h2 class=\"p1\">Fastighetsinspektion<\/h2>\n<p class=\"p2\">Vi inspekterar hela er fastighet efter \u00f6nskem\u00e5l, h\u00f6gdetaljerade foto och video filer.<\/p>\n<p class=\"p2\">Inspektion av tak, fasad, mark, f\u00f6nster och andra detaljer inf\u00f6r f\u00f6rv\u00e4rv eller f\u00f6rs\u00e4ljning.<\/p>\n<p><a href=\"#\/kontakt\">Kontakta oss f\u00f6r mer info och demo<\/a><\/p>\n<\/div><\/div><\/div><\/div><\/div><\/div><\/section><section class=\"l-section wpb_row height_medium color_alternate\"><div class=\"l-section-h i-cf\"><div class=\"g-cols vc_row via_grid cols_2 laptops-cols_inherit tablets-cols_inherit mobiles-cols_1 valign_top type_default stacking_default\"><div class=\"wpb_column vc_column_container\"><div class=\"vc_column-inner\"><div class=\"wpb_text_column\"><div class=\"wpb_wrapper\"><h2 class=\"p1\">Inspektion med v\u00e4rmekamera<\/h2>\n<p class=\"p2\">Hitta smidigt och snabbt var det beh\u00f6ver renoveras eller g\u00f6ras \u00e5tg\u00e4rder f\u00f6r att s\u00e4nka energi kostnaderna.<\/p>\n<p><a href=\"#\/kontakt\">Kontakta oss f\u00f6r mer info och demo<\/a><\/p>\n<\/div><\/div><\/div><\/div><div class=\"wpb_column vc_column_container\"><div class=\"vc_column-inner\"><div class=\"w-image align_none\"><div class=\"w-image-h\"><img decoding=\"async\" width=\"601\" height=\"418\" src=\"https:\/\/xn--sundsvalls-drnartjnst-n2b22b.se\/wp-content\/uploads\/2026\/05\/Varmeinspektion.jpg\" class=\"attachment-large size-large\" alt=\"\" loading=\"lazy\" srcset=\"https:\/\/xn--sundsvalls-drnartjnst-n2b22b.se\/wp-content\/uploads\/2026\/05\/Varmeinspektion.jpg 601w, https:\/\/xn--sundsvalls-drnartjnst-n2b22b.se\/wp-content\/uploads\/2026\/05\/Varmeinspektion-300x209.jpg 300w\" sizes=\"auto, (max-width: 601px) 100vw, 601px\" \/><\/div><\/div><\/div><\/div><\/div><\/div><\/section><section class=\"l-section wpb_row height_medium color_alternate\"><div class=\"l-section-h i-cf\"><div class=\"g-cols vc_row via_grid cols_2 laptops-cols_inherit tablets-cols_inherit mobiles-cols_1 valign_top type_default stacking_default\"><div class=\"wpb_column vc_column_container\"><div class=\"vc_column-inner\"><div class=\"w-image align_none\"><div class=\"w-image-h\"><img decoding=\"async\" width=\"601\" height=\"418\" src=\"https:\/\/xn--sundsvalls-drnartjnst-n2b22b.se\/wp-content\/uploads\/2026\/05\/Industriinspektion.jpg\" class=\"attachment-large size-large\" alt=\"\" loading=\"lazy\" srcset=\"https:\/\/xn--sundsvalls-drnartjnst-n2b22b.se\/wp-content\/uploads\/2026\/05\/Industriinspektion.jpg 601w, https:\/\/xn--sundsvalls-drnartjnst-n2b22b.se\/wp-content\/uploads\/2026\/05\/Industriinspektion-300x209.jpg 300w\" sizes=\"auto, (max-width: 601px) 100vw, 601px\" \/><\/div><\/div><\/div><\/div><div class=\"wpb_column vc_column_container\"><div class=\"vc_column-inner\"><div class=\"wpb_text_column\"><div class=\"wpb_wrapper\"><h2 class=\"p1\">Inspektion till industrin<\/h2>\n<p class=\"p2\">Med IR hittar vi svagheter i r\u00f6r, brister och \u00f6verhettning i elledningar, r\u00f6r och motorer.<\/p>\n<p class=\"p2\">F\u00f6rebyggande inspektion helt enligt \u00f6nskem\u00e5l<\/p>\n<p><a href=\"#\/kontakt\">Kontakta oss f\u00f6r mer info och demo<\/a><\/p>\n<\/div><\/div><\/div><\/div><\/div><\/div><\/section><section class=\"l-section wpb_row height_medium color_alternate\"><div class=\"l-section-h i-cf\"><div class=\"g-cols vc_row via_grid cols_2 laptops-cols_inherit tablets-cols_inherit mobiles-cols_1 valign_top type_default stacking_default\"><div class=\"wpb_column vc_column_container\"><div class=\"vc_column-inner\"><div class=\"wpb_text_column\"><div class=\"wpb_wrapper\"><h2 class=\"p1\">F\u00f6rebyggande inspektion av solceller<\/h2>\n<p class=\"p2\">Identifierar och hittar enskilda celler som \u00e4r \u00f6verhettade eller kortslutna. F\u00f6rebyggande och fortl\u00f6pande inspektion f\u00f6rhindrar brand och on\u00f6diga produktionsbortfall.<\/p>\n<p><a href=\"#\/kontakt\">Kontakta oss f\u00f6r mer info och demo<\/a><\/p>\n<\/div><\/div><\/div><\/div><div class=\"wpb_column vc_column_container\"><div class=\"vc_column-inner\"><div class=\"w-image align_none\"><div class=\"w-image-h\"><img decoding=\"async\" width=\"498\" height=\"347\" src=\"https:\/\/xn--sundsvalls-drnartjnst-n2b22b.se\/wp-content\/uploads\/2026\/05\/solceller.png\" class=\"attachment-large size-large\" alt=\"\" loading=\"lazy\" srcset=\"https:\/\/xn--sundsvalls-drnartjnst-n2b22b.se\/wp-content\/uploads\/2026\/05\/solceller.png 498w, https:\/\/xn--sundsvalls-drnartjnst-n2b22b.se\/wp-content\/uploads\/2026\/05\/solceller-300x209.png 300w\" sizes=\"auto, (max-width: 498px) 100vw, 498px\" \/><\/div><\/div><\/div><\/div><\/div><\/div><\/section><section class=\"l-section wpb_row height_medium color_alternate\"><div class=\"l-section-h i-cf\"><div class=\"g-cols vc_row via_grid cols_2 laptops-cols_inherit tablets-cols_inherit mobiles-cols_1 valign_top type_default stacking_default\"><div class=\"wpb_column vc_column_container\"><div class=\"vc_column-inner\"><div class=\"w-image align_none\"><div class=\"w-image-h\"><img decoding=\"async\" width=\"601\" height=\"418\" src=\"https:\/\/xn--sundsvalls-drnartjnst-n2b22b.se\/wp-content\/uploads\/2026\/05\/matning.jpg\" class=\"attachment-large size-large\" alt=\"\" loading=\"lazy\" srcset=\"https:\/\/xn--sundsvalls-drnartjnst-n2b22b.se\/wp-content\/uploads\/2026\/05\/matning.jpg 601w, https:\/\/xn--sundsvalls-drnartjnst-n2b22b.se\/wp-content\/uploads\/2026\/05\/matning-300x209.jpg 300w\" sizes=\"auto, (max-width: 601px) 100vw, 601px\" \/><\/div><\/div><\/div><\/div><div class=\"wpb_column vc_column_container\"><div class=\"vc_column-inner\"><div class=\"wpb_text_column\"><div class=\"wpb_wrapper\"><h2 class=\"p1\">Inventering och m\u00e4tning<\/h2>\n<p class=\"p2\">M\u00e4tning av massor och areal, flygfoto som bearbetas och presenteras i \u00f6nskad volym, area i excel fil.<\/p>\n<p><a href=\"#\/kontakt\">Kontakta oss f\u00f6r mer info och demo<\/a><\/p>\n<\/div><\/div><\/div><\/div><\/div><\/div><\/section><section class=\"l-section wpb_row height_medium\" id=\"dronare\"><div class=\"l-section-h i-cf\"><div class=\"g-cols vc_row via_grid cols_1 laptops-cols_inherit tablets-cols_inherit mobiles-cols_1 valign_top type_default stacking_default\"><div class=\"wpb_column vc_column_container\"><div class=\"vc_column-inner\"><div class=\"w-separator size_huge with_line width_default thick_1 style_solid color_border align_center\"><div class=\"w-separator-h\"><\/div><\/div><div class=\"wpb_text_column\"><div class=\"wpb_wrapper\"><h1 class=\"p1\" style=\"text-align: center;\">Vi har specialdr\u00f6nare f\u00f6r vart uppdrag<\/h1>\n<\/div><\/div><\/div><\/div><\/div><\/div><\/section><section class=\"l-section wpb_row height_medium\"><div class=\"l-section-h i-cf\"><div class=\"g-cols vc_row via_grid cols_2 laptops-cols_inherit tablets-cols_inherit mobiles-cols_1 valign_top type_default stacking_default\"><div class=\"wpb_column vc_column_container\"><div class=\"vc_column-inner\"><div class=\"wpb_text_column\"><div class=\"wpb_wrapper\"><h2 class=\"p1\">Matrice 4T, elmo<\/h2>\n<p class=\"p2\">Utrustad med IR kamera ,laser och AI \u00e4r denna specialdr\u00f6nare byggt speciellt f\u00f6r efters\u00f6k, inspektion och \u00f6vervakning.<\/p>\n<p class=\"p2\">Nattflygning och med 4g s\u00f6ker vi av stora omr\u00e5den effektivt.<\/p>\n<p class=\"p2\">Utrustad med lampor och h\u00f6gtalare och AI \u00e4r denna \u00e4ven till f\u00f6r att s\u00f6ka av f\u00e4lt efter r\u00e5djurskid vid tex tr\u00f6skning.<\/p>\n<p><a href=\"#\/kontakt\">Kontakta oss f\u00f6r mer info och demo<\/a><\/p>\n<\/div><\/div><\/div><\/div><div class=\"wpb_column vc_column_container\"><div class=\"vc_column-inner\"><div class=\"w-image align_none\"><div class=\"w-image-h\"><img decoding=\"async\" width=\"364\" height=\"359\" src=\"https:\/\/xn--sundsvalls-drnartjnst-n2b22b.se\/wp-content\/uploads\/2026\/05\/Matrice-4T-elmo.png\" class=\"attachment-large size-large\" alt=\"\" loading=\"lazy\" srcset=\"https:\/\/xn--sundsvalls-drnartjnst-n2b22b.se\/wp-content\/uploads\/2026\/05\/Matrice-4T-elmo.png 364w, https:\/\/xn--sundsvalls-drnartjnst-n2b22b.se\/wp-content\/uploads\/2026\/05\/Matrice-4T-elmo-300x296.png 300w\" sizes=\"auto, (max-width: 364px) 100vw, 364px\" \/><\/div><\/div><\/div><\/div><\/div><\/div><\/section><section class=\"l-section wpb_row height_medium color_alternate\"><div class=\"l-section-h i-cf\"><div class=\"g-cols vc_row via_grid cols_2 laptops-cols_inherit tablets-cols_inherit mobiles-cols_1 valign_top type_default stacking_default\"><div class=\"wpb_column vc_column_container\"><div class=\"vc_column-inner\"><div class=\"w-image align_none\"><div class=\"w-image-h\"><img decoding=\"async\" width=\"364\" height=\"359\" src=\"https:\/\/xn--sundsvalls-drnartjnst-n2b22b.se\/wp-content\/uploads\/2026\/05\/Matrice-4E-Kermit.png\" class=\"attachment-large size-large\" alt=\"\" loading=\"lazy\" srcset=\"https:\/\/xn--sundsvalls-drnartjnst-n2b22b.se\/wp-content\/uploads\/2026\/05\/Matrice-4E-Kermit.png 364w, https:\/\/xn--sundsvalls-drnartjnst-n2b22b.se\/wp-content\/uploads\/2026\/05\/Matrice-4E-Kermit-300x296.png 300w\" sizes=\"auto, (max-width: 364px) 100vw, 364px\" \/><\/div><\/div><\/div><\/div><div class=\"wpb_column vc_column_container\"><div class=\"vc_column-inner\"><div class=\"wpb_text_column\"><div class=\"wpb_wrapper\"><h2 class=\"p1\">Matrice 4E, Kermit<\/h2>\n<p class=\"p2\">Utrustad med extremt bra kameror g\u00f6r denna sig perfekt till just kartografi, 3d modeller och m\u00e4tning.<\/p>\n<p class=\"p2\">H\u00f6g kvalit\u00e9 och snabbhet g\u00f6r denna till en riktigt v\u00e4rsting inom sitt omr\u00e5de.<\/p>\n<p><a href=\"#\/kontakt\">Kontakta oss f\u00f6r mer info och demo<\/a><\/p>\n<\/div><\/div><\/div><\/div><\/div><\/div><\/section><section class=\"l-section wpb_row height_medium\"><div class=\"l-section-h i-cf\"><div class=\"g-cols vc_row via_grid cols_2 laptops-cols_inherit tablets-cols_inherit mobiles-cols_1 valign_top type_default stacking_default\"><div class=\"wpb_column vc_column_container\"><div class=\"vc_column-inner\"><div class=\"wpb_text_column\"><div class=\"wpb_wrapper\"><h2 class=\"p1\">DJI Air 3s<\/h2>\n<p class=\"p2\">Detta \u00e4r v\u00e5r minsta modell och v\u00e5r dr\u00f6nare vi anv\u00e4nder f\u00f6r fotografering, mycket bra.<\/p>\n<p><a href=\"#\/kontakt\">Kontakta oss f\u00f6r mer info och demo<\/a><\/p>\n<\/div><\/div><\/div><\/div><div class=\"wpb_column vc_column_container\"><div class=\"vc_column-inner\"><div class=\"w-image align_none\"><div class=\"w-image-h\"><img decoding=\"async\" width=\"364\" height=\"359\" src=\"https:\/\/xn--sundsvalls-drnartjnst-n2b22b.se\/wp-content\/uploads\/2026\/05\/DJI-Air-3s.png\" class=\"attachment-large size-large\" alt=\"\" loading=\"lazy\" srcset=\"https:\/\/xn--sundsvalls-drnartjnst-n2b22b.se\/wp-content\/uploads\/2026\/05\/DJI-Air-3s.png 364w, https:\/\/xn--sundsvalls-drnartjnst-n2b22b.se\/wp-content\/uploads\/2026\/05\/DJI-Air-3s-300x296.png 300w\" sizes=\"auto, (max-width: 364px) 100vw, 364px\" \/><\/div><\/div><\/div><\/div><\/div><\/div><\/section><section class=\"l-section wpb_row height_medium color_alternate\" id=\"kontakt\"><div class=\"l-section-h i-cf\"><div class=\"g-cols vc_row via_grid cols_1 laptops-cols_inherit tablets-cols_inherit mobiles-cols_1 valign_top type_default stacking_default\"><div class=\"wpb_column vc_column_container\"><div class=\"vc_column-inner\"><div class=\"wpb_text_column\"><div class=\"wpb_wrapper\"><h2 class=\"p1\" style=\"text-align: center;\">Kontakta oss f\u00f6r mer info, priser och demo<\/h2>\n<\/div><\/div><div class=\"w-separator size_medium\"><\/div><div class=\"g-cols wpb_row via_grid cols_2 laptops-cols_inherit tablets-cols_inherit mobiles-cols_1 valign_top type_default stacking_default\" style=\"--columns-gap:3rem;\"><div class=\"wpb_column vc_column_container\"><div class=\"vc_column-inner\"><div class=\"w-separator size_medium\"><\/div><div class=\"wpb_text_column\"><div class=\"wpb_wrapper\"><p class=\"p1\"><strong>Telefon<\/strong><br \/>\n070 33 43 760<\/p>\n<p class=\"p1\"><strong>E-post<\/strong><br \/>\ninfo@sundsvalls-dr\u00f6nartj\u00e4nst.se<\/p>\n<p class=\"p1\"><strong>Adress<\/strong><br \/>\nSundsvalls Dr\u00f6narTj\u00e4nst<br \/>\nRegementsv\u00e4gen 17<br \/>\n852 38 Sundsvall<br \/>\nSweden<\/p>\n<\/div><\/div><\/div><\/div><div class=\"wpb_column vc_column_container\"><div class=\"vc_column-inner\"><style id=\"wpforms-css-vars-46\">\n\t\t\t\t#wpforms-46 {\n\t\t\t\t--wpforms-container-padding: 0px;\n--wpforms-container-border-width: 1px;\n--wpforms-container-border-radius: 3px;\n--wpforms-background-color: rgba(0, 0, 0, 0);\n--wpforms-field-size-input-height: 43px;\n--wpforms-field-size-input-spacing: 15px;\n--wpforms-field-size-font-size: 16px;\n--wpforms-field-size-line-height: 19px;\n--wpforms-field-size-padding-h: 14px;\n--wpforms-field-size-checkbox-size: 16px;\n--wpforms-field-size-sublabel-spacing: 5px;\n--wpforms-field-size-icon-size: 1;\n--wpforms-label-size-font-size: 16px;\n--wpforms-label-size-line-height: 19px;\n--wpforms-label-size-sublabel-font-size: 14px;\n--wpforms-label-size-sublabel-line-height: 17px;\n--wpforms-button-size-font-size: 17px;\n--wpforms-button-size-height: 41px;\n--wpforms-button-size-padding-h: 15px;\n--wpforms-button-size-margin-top: 10px;\n--wpforms-container-shadow-size-box-shadow: none;\n\t\t\t}\n\t\t\t<\/style><div class=\"wpforms-container wpforms-container-full wpforms-render-modern\" id=\"wpforms-46\"><form id=\"wpforms-form-46\" class=\"wpforms-validate wpforms-form wpforms-ajax-form\" data-formid=\"46\" method=\"post\" enctype=\"multipart\/form-data\" action=\"\/index.php?rest_route=%2Fwp%2Fv2%2Fpages%2F9\" data-token=\"70217360218cebaaf64bd185b85a8c3d\" data-token-time=\"1778743046\"><noscript class=\"wpforms-error-noscript\">Aktivera JavaScript i din webbl\u00e4sare f\u00f6r att fylla i formul\u00e4ret.<\/noscript><div id=\"wpforms-error-noscript\" style=\"display: none;\">Aktivera JavaScript i din webbl\u00e4sare f\u00f6r att fylla i formul\u00e4ret.<\/div><div class=\"wpforms-field-container\"><div id=\"wpforms-46-field_1-container\" class=\"wpforms-field wpforms-field-text\" data-field-id=\"1\"><label class=\"wpforms-field-label\" for=\"wpforms-46-field_1\">Namn <span class=\"wpforms-required-label\" aria-hidden=\"true\">*<\/span><\/label><input type=\"text\" id=\"wpforms-46-field_1\" class=\"wpforms-field-medium wpforms-field-required\" name=\"wpforms[fields][1]\" placeholder=\"Namn\" aria-errormessage=\"wpforms-46-field_1-error\" required><\/div><div id=\"wpforms-46-field_2-container\" class=\"wpforms-field wpforms-field-email\" data-field-id=\"2\"><label class=\"wpforms-field-label\" for=\"wpforms-46-field_2\">E-post <span class=\"wpforms-required-label\" aria-hidden=\"true\">*<\/span><\/label><input type=\"email\" id=\"wpforms-46-field_2\" class=\"wpforms-field-medium wpforms-field-required\" name=\"wpforms[fields][2]\" placeholder=\"E-post\" spellcheck=\"false\" aria-errormessage=\"wpforms-46-field_2-error\" required><\/div><div id=\"wpforms-46-field_4-container\" class=\"wpforms-field wpforms-field-text\" data-field-id=\"4\"><label class=\"wpforms-field-label\" for=\"wpforms-46-field_4\">\u00c4mne <span class=\"wpforms-required-label\" aria-hidden=\"true\">*<\/span><\/label><input type=\"text\" id=\"wpforms-46-field_4\" class=\"wpforms-field-medium wpforms-field-required\" name=\"wpforms[fields][4]\" placeholder=\"\u00c4mne\" aria-errormessage=\"wpforms-46-field_4-error\" required><\/div>\t\t<div id=\"wpforms-46-field_5-container\"\n\t\t\tclass=\"wpforms-field wpforms-field-text\"\n\t\t\tdata-field-type=\"text\"\n\t\t\tdata-field-id=\"5\"\n\t\t\t>\n\t\t\t<label class=\"wpforms-field-label\" for=\"wpforms-46-field_5\" >Namn E-post \u00c4mne<\/label>\n\t\t\t<input type=\"text\" id=\"wpforms-46-field_5\" class=\"wpforms-field-medium\" name=\"wpforms[fields][5]\" >\n\t\t<\/div>\n\t\t<div id=\"wpforms-46-field_3-container\" class=\"wpforms-field wpforms-field-textarea\" data-field-id=\"3\"><label class=\"wpforms-field-label\" for=\"wpforms-46-field_3\">Meddelande <span class=\"wpforms-required-label\" aria-hidden=\"true\">*<\/span><\/label><textarea id=\"wpforms-46-field_3\" class=\"wpforms-field-medium wpforms-field-required\" name=\"wpforms[fields][3]\" placeholder=\"Meddelande\" aria-errormessage=\"wpforms-46-field_3-error\" required><\/textarea><\/div><script>\n\t\t\t\t( function() {\n\t\t\t\t\tconst style = document.createElement( 'style' );\n\t\t\t\t\tstyle.appendChild( document.createTextNode( '#wpforms-46-field_5-container { position: absolute !important; overflow: hidden !important; display: inline !important; height: 1px !important; width: 1px !important; z-index: -1000 !important; padding: 0 !important; } #wpforms-46-field_5-container input { visibility: hidden; } #wpforms-conversational-form-page #wpforms-46-field_5-container label { counter-increment: none; }' ) );\n\t\t\t\t\tdocument.head.appendChild( style );\n\t\t\t\t\tdocument.currentScript?.remove();\n\t\t\t\t} )();\n\t\t\t<\/script><\/div><!-- .wpforms-field-container --><div class=\"wpforms-submit-container\" ><input type=\"hidden\" name=\"wpforms[id]\" value=\"46\"><input type=\"hidden\" name=\"page_title\" value=\"\"><input type=\"hidden\" name=\"page_url\" value=\"https:\/\/xn--sundsvalls-drnartjnst-n2b22b.se\/index.php?rest_route=\/wp\/v2\/pages\/9\"><input type=\"hidden\" name=\"url_referer\" value=\"\"><button type=\"submit\" name=\"wpforms[submit]\" id=\"wpforms-submit-46\" class=\"wpforms-submit\" data-alt-text=\"Skickar \u2026\" data-submit-text=\"Skicka\" aria-live=\"assertive\" value=\"wpforms-submit\">Skicka<\/button><img loading=\"lazy\" decoding=\"async\" src=\"https:\/\/xn--sundsvalls-drnartjnst-n2b22b.se\/wp-content\/plugins\/wpforms-lite\/assets\/images\/submit-spin.svg\" class=\"wpforms-submit-spinner\" style=\"display: none;\" width=\"26\" height=\"26\" alt=\"Laddar\"><\/div><\/form><\/div>  <!-- .wpforms-container --><\/div><\/div><\/div><\/div><\/div><\/div><\/div><\/section>\n","protected":false},"excerpt":{"rendered":"Tj\u00e4nster Vi \u00e4r dotter bolag till ett fastighetsbolag s\u00e5 naturligt faller vi in p\u00e5 just fastigheter och inspektion. Med \u00f6ver 15 \u00e5rs erfarenheter av renovering, f\u00f6rvaltning och uthyrning har vi \u00f6ga f\u00f6r detaljerna och svagheter i fastigheter. Vare sig ni \u00f6nskar dokumentation, inspektion inf\u00f6r f\u00f6rv\u00e4rv eller inspektion f\u00f6r kommande f\u00f6rb\u00e4ttringar kan vi hj\u00e4lpa er. Vi...","protected":false},"author":1,"featured_media":0,"parent":0,"menu_order":0,"comment_status":"closed","ping_status":"closed","template":"","meta":{"footnotes":""},"class_list":["post-9","page","type-page","status-publish","hentry"],"_links":{"self":[{"href":"https:\/\/xn--sundsvalls-drnartjnst-n2b22b.se\/index.php?rest_route=\/wp\/v2\/pages\/9","targetHints":{"allow":["GET"]}}],"collection":[{"href":"https:\/\/xn--sundsvalls-drnartjnst-n2b22b.se\/index.php?rest_route=\/wp\/v2\/pages"}],"about":[{"href":"https:\/\/xn--sundsvalls-drnartjnst-n2b22b.se\/index.php?rest_route=\/wp\/v2\/types\/page"}],"author":[{"embeddable":true,"href":"https:\/\/xn--sundsvalls-drnartjnst-n2b22b.se\/index.php?rest_route=\/wp\/v2\/users\/1"}],"replies":[{"embeddable":true,"href":"https:\/\/xn--sundsvalls-drnartjnst-n2b22b.se\/index.php?rest_route=%2Fwp%2Fv2%2Fcomments&post=9"}],"version-history":[{"count":39,"href":"https:\/\/xn--sundsvalls-drnartjnst-n2b22b.se\/index.php?rest_route=\/wp\/v2\/pages\/9\/revisions"}],"predecessor-version":[{"id":73,"href":"https:\/\/xn--sundsvalls-drnartjnst-n2b22b.se\/index.php?rest_route=\/wp\/v2\/pages\/9\/revisions\/73"}],"wp:attachment":[{"href":"https:\/\/xn--sundsvalls-drnartjnst-n2b22b.se\/index.php?rest_route=%2Fwp%2Fv2%2Fmedia&parent=9"}],"curies":[{"name":"wp","href":"https:\/\/api.w.org\/{rel}","templated":true}]}}